{"id":1386,"date":"2019-01-21T08:07:21","date_gmt":"2019-01-21T08:07:21","guid":{"rendered":"https:\/\/allthebestsofts.com\/rubik-import\/?page_id=2"},"modified":"2020-07-13T22:34:00","modified_gmt":"2020-07-13T21:34:00","slug":"sample-page","status":"publish","type":"page","link":"https:\/\/jornalocrime.com\/ilnes\/sample-page\/","title":{"rendered":"Sobre O Crime"},"content":{"rendered":"<p style=\"text-align: center;\"><strong>ESTATUTO<\/strong><\/p>\n<p>\u00a0O <span class=\"il\">Crime<\/span>\u00a0\u00e9 um\u00a0<span class=\"il\">jornal<\/span>\u00a0que existe h\u00e1 seis anos, aborda tudo que \u00e9 comportamento humano causador de les\u00e3o ou perigo ao bem jur\u00eddico tutelado pass\u00edvel de san\u00e7\u00e3o penal.<\/p>\n<p>O <span class=\"il\">Crime<\/span>\u00a0\u00e9 um\u00a0<span class=\"il\">jornal<\/span>\u00a0especializado em assuntos criminais, com convic\u00e7\u00f5es independente de todos os poderes e de car\u00e1cter abrangente.<\/p>\n<p>O <span class=\"il\">Crime<\/span>\u00a0\u00e9 uma publica\u00e7\u00e3o quinzenal de car\u00e1cter nacional.<\/p>\n<p>O <span class=\"il\">Crime<\/span>\u00a0se predisp\u00f5e a colaborar com os Minist\u00e9rios do Interior, da Justi\u00e7a e Direitos Humanos, da Fam\u00edlia e Promo\u00e7\u00e3o da Mulher, bem como os outros Organismos do Estado para construir na constru\u00e7\u00e3o de uma sociedade melhor.<\/p>\n<p>O <span class=\"il\">Crime<\/span>\u00a0se predisp\u00f5e a colaborar com o Comando Geral da Pol\u00edcia Nacional, os Servi\u00e7os de Protec\u00e7\u00e3o Civil e Bombeiros, a Provedoria de Justi\u00e7a e as associa\u00e7\u00f5es c\u00edvicas e de protec\u00e7\u00e3o aos direitos humanos.<\/p>\n<p>O <span class=\"il\">Crime<\/span>\u00a0considera ser de suma import\u00e2ncia distinguir as not\u00edcias que dever\u00e3o ser objectivas, isentas e para a devida an\u00e1lise dos factos com a contribui\u00e7\u00e3o de todas as partes envolvidas-e as opini\u00f5es especializadas dever\u00e3o ser assinadas por quem as defende.<\/p>\n<p>O <span class=\"il\">Crime<\/span>\u00a0defende um jornalismo de qualidade e investigativo, com profundo sentido deontol\u00f3gico, baseado no rigor, isen\u00e7\u00e3o, recusa a persegui\u00e7\u00e3o pessoal, o boato e a cal\u00fania.<\/p>\n<p>O <span class=\"il\">Crime<\/span>\u00a0emite o seu parecer atrav\u00e9s de editorais assinados pelo seu director, editor-chefe, que vinculam a posi\u00e7\u00e3o do\u00a0<span class=\"il\">jornal<\/span>.<\/p>\n<p>O <span class=\"il\">Crime<\/span>\u00a0estabelece como \u00fanicos limites \u00e0 sua interven\u00e7\u00e3o, aqueles que s\u00e3o impostos pela lei, pela deontologia\u00a0<span class=\"il\">jornal<\/span>\u00edstica, pela \u00e9tica profissional, bem como pelo espa\u00e7o privado dos cidad\u00e3o.<\/p>\n<p>O <span class=\"il\">Crime<\/span>\u00a0recusa-se a alimentar qualquer tipo de sensacionalismo que ponha em perigo o jornalismo de qualidade, respeita os leitores e estabelece maior interatividade com o p\u00fablico.<\/p>\n<p>O <span class=\"il\">Crime<\/span>\u00a0oferece aos leitores informa\u00e7\u00f5es variadas, atendendo a sua natureza e espa\u00e7o e especificidade, mantendo-se atento \u00e0s preocupa\u00e7\u00f5es e ao interesse do p\u00fablico.<\/p>\n<p>O <span class=\"il\">Crime<\/span>\u00a0tem como prioridade absoluta \u00e0 divulga\u00e7\u00e3o de reportagens, not\u00edcias e \u00e0 an\u00e1lise de materiais de natureza criminal. Se um dia for impedido de continuar com esta linha editorial acabar\u00e1 por sucumbir.<\/p>\n","protected":false},"excerpt":{"rendered":"<p>ESTATUTO \u00a0O Crime\u00a0\u00e9 um\u00a0jornal\u00a0que existe h\u00e1 seis anos, aborda tudo que \u00e9 comportamento humano causador de les\u00e3o ou perigo ao bem jur\u00eddico tutelado pass\u00edvel de san\u00e7\u00e3o penal. O Crime\u00a0\u00e9 um\u00a0jornal\u00a0especializado em assuntos criminais, com convic\u00e7\u00f5es independente de todos os poderes e de car\u00e1cter abrangente. O Crime\u00a0\u00e9 uma publica\u00e7\u00e3o quinzenal de car\u00e1cter nacional. O Crime\u00a0se predisp\u00f5e a colaborar com os Minist\u00e9rios do Interior, da Justi\u00e7a e Direitos Humanos, da Fam\u00edlia e Promo\u00e7\u00e3o da Mulher, bem como os outros Organismos do Estado para construir na constru\u00e7\u00e3o de uma sociedade melhor. O Crime\u00a0se predisp\u00f5e a colaborar com o Comando Geral da Pol\u00edcia Nacional, [&hellip;]<\/p>\n","protected":false},"author":10,"featured_media":0,"parent":0,"menu_order":0,"comment_status":"closed","ping_status":"open","template":"","meta":{"footnotes":""},"class_list":["post-1386","page","type-page","status-publish","hentry"],"yoast_head":"<!-- This site is optimized with the Yoast SEO plugin v27.4 - https:\/\/yoast.com\/product\/yoast-seo-wordpress\/ -->\n<title>Sobre O Crime - Jornal O Crime<\/title>\n<meta name=\"robots\" content=\"index, follow, max-snippet:-1, max-image-preview:large, max-video-preview:-1\" \/>\n<link rel=\"canonical\" href=\"https:\/\/jornalocrime.com\/ilnes\/sample-page\/\" \/>\n<meta property=\"og:locale\" content=\"pt_PT\" \/>\n<meta property=\"og:type\" content=\"article\" \/>\n<meta property=\"og:title\" content=\"Sobre O Crime - Jornal O Crime\" \/>\n<meta property=\"og:description\" content=\"ESTATUTO \u00a0O Crime\u00a0\u00e9 um\u00a0jornal\u00a0que existe h\u00e1 seis anos, aborda tudo que \u00e9 comportamento humano causador de les\u00e3o ou perigo ao bem jur\u00eddico tutelado pass\u00edvel de san\u00e7\u00e3o penal. O Crime\u00a0\u00e9 um\u00a0jornal\u00a0especializado em assuntos criminais, com convic\u00e7\u00f5es independente de todos os poderes e de car\u00e1cter abrangente. O Crime\u00a0\u00e9 uma publica\u00e7\u00e3o quinzenal de car\u00e1cter nacional. O Crime\u00a0se predisp\u00f5e a colaborar com os Minist\u00e9rios do Interior, da Justi\u00e7a e Direitos Humanos, da Fam\u00edlia e Promo\u00e7\u00e3o da Mulher, bem como os outros Organismos do Estado para construir na constru\u00e7\u00e3o de uma sociedade melhor. O Crime\u00a0se predisp\u00f5e a colaborar com o Comando Geral da Pol\u00edcia Nacional, [&hellip;]\" \/>\n<meta property=\"og:url\" content=\"https:\/\/jornalocrime.com\/ilnes\/sample-page\/\" \/>\n<meta property=\"og:site_name\" content=\"Jornal O Crime\" \/>\n<meta property=\"article:modified_time\" content=\"2020-07-13T21:34:00+00:00\" \/>\n<meta name=\"twitter:card\" content=\"summary_large_image\" \/>\n<meta name=\"twitter:label1\" content=\"Est. reading time\" \/>\n\t<meta name=\"twitter:data1\" content=\"2 minutos\" \/>\n<script type=\"application\/ld+json\" class=\"yoast-schema-graph\">{\"@context\":\"https:\\\/\\\/schema.org\",\"@graph\":[{\"@type\":\"WebPage\",\"@id\":\"https:\\\/\\\/jornalocrime.com\\\/ilnes\\\/sample-page\\\/\",\"url\":\"https:\\\/\\\/jornalocrime.com\\\/ilnes\\\/sample-page\\\/\",\"name\":\"Sobre O Crime - Jornal O Crime\",\"isPartOf\":{\"@id\":\"https:\\\/\\\/jornalocrime.com\\\/ilnes\\\/#website\"},\"datePublished\":\"2019-01-21T08:07:21+00:00\",\"dateModified\":\"2020-07-13T21:34:00+00:00\",\"breadcrumb\":{\"@id\":\"https:\\\/\\\/jornalocrime.com\\\/ilnes\\\/sample-page\\\/#breadcrumb\"},\"inLanguage\":\"pt-AO\",\"potentialAction\":[{\"@type\":\"ReadAction\",\"target\":[\"https:\\\/\\\/jornalocrime.com\\\/ilnes\\\/sample-page\\\/\"]}]},{\"@type\":\"BreadcrumbList\",\"@id\":\"https:\\\/\\\/jornalocrime.com\\\/ilnes\\\/sample-page\\\/#breadcrumb\",\"itemListElement\":[{\"@type\":\"ListItem\",\"position\":1,\"name\":\"In\u00edcio\",\"item\":\"https:\\\/\\\/jornalocrime.com\\\/ilnes\\\/\"},{\"@type\":\"ListItem\",\"position\":2,\"name\":\"Sobre O Crime\"}]},{\"@type\":\"WebSite\",\"@id\":\"https:\\\/\\\/jornalocrime.com\\\/ilnes\\\/#website\",\"url\":\"https:\\\/\\\/jornalocrime.com\\\/ilnes\\\/\",\"name\":\"Jornal o Crime\",\"description\":\"Portal Angolano de Not\u00edcias\",\"potentialAction\":[{\"@type\":\"SearchAction\",\"target\":{\"@type\":\"EntryPoint\",\"urlTemplate\":\"https:\\\/\\\/jornalocrime.com\\\/ilnes\\\/?s={search_term_string}\"},\"query-input\":{\"@type\":\"PropertyValueSpecification\",\"valueRequired\":true,\"valueName\":\"search_term_string\"}}],\"inLanguage\":\"pt-AO\"}]}<\/script>\n<!-- \/ Yoast SEO plugin. -->","yoast_head_json":{"title":"Sobre O Crime - Jornal O Crime","robots":{"index":"index","follow":"follow","max-snippet":"max-snippet:-1","max-image-preview":"max-image-preview:large","max-video-preview":"max-video-preview:-1"},"canonical":"https:\/\/jornalocrime.com\/ilnes\/sample-page\/","og_locale":"pt_PT","og_type":"article","og_title":"Sobre O Crime - Jornal O Crime","og_description":"ESTATUTO \u00a0O Crime\u00a0\u00e9 um\u00a0jornal\u00a0que existe h\u00e1 seis anos, aborda tudo que \u00e9 comportamento humano causador de les\u00e3o ou perigo ao bem jur\u00eddico tutelado pass\u00edvel de san\u00e7\u00e3o penal. O Crime\u00a0\u00e9 um\u00a0jornal\u00a0especializado em assuntos criminais, com convic\u00e7\u00f5es independente de todos os poderes e de car\u00e1cter abrangente. O Crime\u00a0\u00e9 uma publica\u00e7\u00e3o quinzenal de car\u00e1cter nacional. O Crime\u00a0se predisp\u00f5e a colaborar com os Minist\u00e9rios do Interior, da Justi\u00e7a e Direitos Humanos, da Fam\u00edlia e Promo\u00e7\u00e3o da Mulher, bem como os outros Organismos do Estado para construir na constru\u00e7\u00e3o de uma sociedade melhor. O Crime\u00a0se predisp\u00f5e a colaborar com o Comando Geral da Pol\u00edcia Nacional, [&hellip;]","og_url":"https:\/\/jornalocrime.com\/ilnes\/sample-page\/","og_site_name":"Jornal O Crime","article_modified_time":"2020-07-13T21:34:00+00:00","twitter_card":"summary_large_image","twitter_misc":{"Est. reading time":"2 minutos"},"schema":{"@context":"https:\/\/schema.org","@graph":[{"@type":"WebPage","@id":"https:\/\/jornalocrime.com\/ilnes\/sample-page\/","url":"https:\/\/jornalocrime.com\/ilnes\/sample-page\/","name":"Sobre O Crime - Jornal O Crime","isPartOf":{"@id":"https:\/\/jornalocrime.com\/ilnes\/#website"},"datePublished":"2019-01-21T08:07:21+00:00","dateModified":"2020-07-13T21:34:00+00:00","breadcrumb":{"@id":"https:\/\/jornalocrime.com\/ilnes\/sample-page\/#breadcrumb"},"inLanguage":"pt-AO","potentialAction":[{"@type":"ReadAction","target":["https:\/\/jornalocrime.com\/ilnes\/sample-page\/"]}]},{"@type":"BreadcrumbList","@id":"https:\/\/jornalocrime.com\/ilnes\/sample-page\/#breadcrumb","itemListElement":[{"@type":"ListItem","position":1,"name":"In\u00edcio","item":"https:\/\/jornalocrime.com\/ilnes\/"},{"@type":"ListItem","position":2,"name":"Sobre O Crime"}]},{"@type":"WebSite","@id":"https:\/\/jornalocrime.com\/ilnes\/#website","url":"https:\/\/jornalocrime.com\/ilnes\/","name":"Jornal o Crime","description":"Portal Angolano de Not\u00edcias","potentialAction":[{"@type":"SearchAction","target":{"@type":"EntryPoint","urlTemplate":"https:\/\/jornalocrime.com\/ilnes\/?s={search_term_string}"},"query-input":{"@type":"PropertyValueSpecification","valueRequired":true,"valueName":"search_term_string"}}],"inLanguage":"pt-AO"}]}},"_links":{"self":[{"href":"https:\/\/jornalocrime.com\/ilnes\/wp-json\/wp\/v2\/pages\/1386","targetHints":{"allow":["GET"]}}],"collection":[{"href":"https:\/\/jornalocrime.com\/ilnes\/wp-json\/wp\/v2\/pages"}],"about":[{"href":"https:\/\/jornalocrime.com\/ilnes\/wp-json\/wp\/v2\/types\/page"}],"author":[{"embeddable":true,"href":"https:\/\/jornalocrime.com\/ilnes\/wp-json\/wp\/v2\/users\/10"}],"replies":[{"embeddable":true,"href":"https:\/\/jornalocrime.com\/ilnes\/wp-json\/wp\/v2\/comments?post=1386"}],"version-history":[{"count":0,"href":"https:\/\/jornalocrime.com\/ilnes\/wp-json\/wp\/v2\/pages\/1386\/revisions"}],"wp:attachment":[{"href":"https:\/\/jornalocrime.com\/ilnes\/wp-json\/wp\/v2\/media?parent=1386"}],"curies":[{"name":"wp","href":"https:\/\/api.w.org\/{rel}","templated":true}]}}